{"id":49,"date":"2020-08-17T16:09:02","date_gmt":"2020-08-17T15:09:02","guid":{"rendered":"http:\/\/metalialleida.com\/index.php\/the-new-umoma-opens-its-doors-catala\/"},"modified":"2021-04-22T09:02:33","modified_gmt":"2021-04-22T08:02:33","slug":"metalia-lleida-catalan","status":"publish","type":"page","link":"http:\/\/metalialleida.com\/index.php\/ca\/metalia-lleida-catalan\/","title":{"rendered":""},"content":{"rendered":"\n<p><\/p>\n\n\n\n<h2 class=\"has-text-align-left\" id=\"quisom\">Qui som<\/h2>\n\n\n\n<div class=\"wp-block-media-text alignwide is-stacked-on-mobile\" style=\"grid-template-columns:15% auto\"><figure class=\"wp-block-media-text__media\"><img loading=\"lazy\" decoding=\"async\" width=\"305\" height=\"240\" src=\"http:\/\/metalialleida.com\/wp-content\/uploads\/2020\/08\/taller2-1.png\" alt=\"\" class=\"wp-image-160 size-full\" srcset=\"http:\/\/metalialleida.com\/wp-content\/uploads\/2020\/08\/taller2-1.png 305w, http:\/\/metalialleida.com\/wp-content\/uploads\/2020\/08\/taller2-1-300x236.png 300w\" sizes=\"auto, (max-width: 305px) 100vw, 305px\" \/><\/figure><div class=\"wp-block-media-text__content\">\n<p>Som un equip de professionals amb una \u00e0mplia experi\u00e8ncia en el camp del ferro, de l&#8217;alumini i d&#8217;acer inoxidable. Disposem de les infraestructures necess\u00e0ries per oferir un servei de fusteria met\u00e0l\u00b7lica de la m\u00e9s alta qualitat. El nostre objectiu \u00e9s oferir el millor servei als el preu m\u00e9s ajustat<\/p>\n<\/div><\/div>\n\n\n\n<div style=\"height:100px\" aria-hidden=\"true\" class=\"wp-block-spacer\"><\/div>\n\n\n\n<h2 class=\"has-text-align-left\" id=\"quefem\">Que fem<\/h2>\n\n\n\n<div class=\"wp-block-media-text alignwide has-media-on-the-right is-stacked-on-mobile\" style=\"grid-template-columns:auto 20%\"><figure class=\"wp-block-media-text__media\"><img loading=\"lazy\" decoding=\"async\" width=\"284\" height=\"177\" src=\"http:\/\/metalialleida.com\/wp-content\/uploads\/2020\/08\/carpinteriametalica-1.jpg\" alt=\"\" class=\"wp-image-165 size-full\"\/><\/figure><div class=\"wp-block-media-text__content\">\n<p>Realitzem dissenys amb la m\u00e9s alta qualitat i satisfacci\u00f3 per part de client.<br>Estem especialitzats en:<br><\/p><ul><li>Baranes.<\/li><li>Portes, reixats, reixes.<\/li><li>Estructures met\u00e0l\u00b7liques.<\/li><li>Portes de garatge.<\/li><li>Finestres i tancaments met\u00e0l\u00b7lics i d&#8217;alumini.<\/li><li>Mosquiteres.<\/li><li>Tot tipus de fusteria met\u00e0l\u00b7lica tant en alumini, ferro i acer inoxidable.<\/li><\/ul>\n<\/div><\/div>\n\n\n\n<div style=\"height:100px\" aria-hidden=\"true\" class=\"wp-block-spacer\"><\/div>\n\n\n\n<h2 class=\"has-text-align-left\" id=\"onestem\">On estem<\/h2>\n\n\n\n<div style=\"overflow-x:auto;\"><table style=\"width=100%\"><tbody><tr><td style=\"border:0\"><div class=\"mapouter\"><div class=\"gmap_canvas\"><iframe loading=\"lazy\" id=\"gmap_canvas\" src=\"https:\/\/maps.google.com\/maps?q=Cam%C3%AD%20de%20Benavent,%2018,%20nau%206,%2025124&amp;t=&amp;z=13&amp;ie=UTF8&amp;iwloc=&amp;output=embed\" scrolling=\"no\" marginheight=\"0\" marginwidth=\"0\" width=\"900\" height=\"400\" frameborder=\"0\"><\/iframe><a href=\"https:\/\/fmovies2.org\">fmovies<\/a><br><style>.mapouter{position:relative;text-align:right;height:400px;width:900px;}<\/style><a href=\"https:\/\/www.embedgooglemap.net\">use google maps on website<\/a><style>.gmap_canvas {overflow:hidden;background:none!important;height:400px;width:800px;}<\/style><\/div><\/div><\/td><td style=\"border:0\"><p>Ens podeu trobar al Pol\u00edgon Industrial de Rossell\u00f3<br>Cam\u00ed de Benavent, 18, nau 6<br> 25124 Rossell\u00f3 &#8211; Lleida<br> 655845483 &#8211; 645781292<br> metalia@metalialleida.com<\/p><\/td><\/tr><\/tbody><\/table><\/div>\n\n\n\n<div style=\"height:100px\" aria-hidden=\"true\" class=\"wp-block-spacer\"><\/div>\n\n\n\n<h2 class=\"has-text-align-left\" id=\"pressupost\">Pressupost online gratuit<\/h2>\n\n\n\n<p>Volem donar-te un pressupost el m\u00e9s ajustat possible a les teves necessitats, per aix\u00f2 intenta descriure, el que necessites i les mesures.<br>Quan ho h\u00e0gim calculat te l&#8217;enviarem sense cap tipus de comprom\u00eds. En el cas que no quedi clar o necessitem m\u00e9s dades ens posarem en contacte amb tu per demanar-te les.<br><br>Moltes gr\u00e0cies per la teva confian\u00e7a.<\/p>\n\n\n<div class=\"wpforms-container wpforms-container-full\" id=\"wpforms-142\"><form id=\"wpforms-form-142\" class=\"wpforms-validate wpforms-form\" data-formid=\"142\" method=\"post\" enctype=\"multipart\/form-data\" action=\"\/index.php\/wp-json\/wp\/v2\/pages\/49\" data-token=\"c909b708a0fb1830165c3c823b81b5e0\"><noscript class=\"wpforms-error-noscript\">Por favor, activa JavaScript en tu navegador para completar este formulario.<\/noscript><div class=\"wpforms-field-container\"><div id=\"wpforms-142-field_0-container\" class=\"wpforms-field wpforms-field-name\" data-field-id=\"0\"><label class=\"wpforms-field-label\" for=\"wpforms-142-field_0\">Nom i cognoms <span class=\"wpforms-required-label\">*<\/span><\/label><input type=\"text\" id=\"wpforms-142-field_0\" class=\"wpforms-field-medium wpforms-field-required\" name=\"wpforms[fields][0]\" required><\/div><div id=\"wpforms-142-field_1-container\" class=\"wpforms-field wpforms-field-email\" data-field-id=\"1\"><label class=\"wpforms-field-label\" for=\"wpforms-142-field_1\">Correu electr\u00f3nic <span class=\"wpforms-required-label\">*<\/span><\/label><input type=\"email\" id=\"wpforms-142-field_1\" class=\"wpforms-field-medium wpforms-field-required\" name=\"wpforms[fields][1]\" required><\/div><div id=\"wpforms-142-field_3-container\" class=\"wpforms-field wpforms-field-text\" data-field-id=\"3\"><label class=\"wpforms-field-label\" for=\"wpforms-142-field_3\">Tel\u00e8fon<\/label><input type=\"text\" id=\"wpforms-142-field_3\" class=\"wpforms-field-small wpforms-masked-input wpforms-limit-characters-enabled\" data-inputmask-mask=\"999999999\" data-rule-empty-blanks=\"1\" data-form-id=\"142\" data-field-id=\"3\" data-text-limit=\"9\" name=\"wpforms[fields][3]\" maxlength=\"9\" ><\/div><div id=\"wpforms-142-field_2-container\" class=\"wpforms-field wpforms-field-textarea\" data-field-id=\"2\"><label class=\"wpforms-field-label\" for=\"wpforms-142-field_2\">Dades pel pressupost <span class=\"wpforms-required-label\">*<\/span><\/label><textarea id=\"wpforms-142-field_2\" class=\"wpforms-field-medium wpforms-field-required\" name=\"wpforms[fields][2]\" required><\/textarea><\/div><\/div><div class=\"wpforms-submit-container\"><input type=\"hidden\" name=\"wpforms[id]\" value=\"142\"><input type=\"hidden\" name=\"wpforms[author]\" value=\"1\"><button type=\"submit\" name=\"wpforms[submit]\" id=\"wpforms-submit-142\" class=\"wpforms-submit\" data-alt-text=\"Enviando...\" data-submit-text=\"Enviar\" aria-live=\"assertive\" value=\"wpforms-submit\">Enviar<\/button><\/div><\/form><\/div>  <!-- .wpforms-container -->\n\n\n<hr class=\"wp-block-separator\"\/>\n","protected":false},"excerpt":{"rendered":"<p>Qui som Som un equip de professionals amb una \u00e0mplia experi\u00e8ncia en el camp del ferro, de l&#8217;alumini i d&#8217;acer inoxidable. Disposem de les infraestructures necess\u00e0ries per oferir un servei de fusteria met\u00e0l\u00b7lica de la m\u00e9s alta qualitat. El nostre objectiu \u00e9s oferir el millor servei als el preu m\u00e9s ajustat Que fem Realitzem dissenys [&hellip;]<\/p>\n","protected":false},"author":1,"featured_media":0,"parent":0,"menu_order":0,"comment_status":"closed","ping_status":"closed","template":"","meta":{"_monsterinsights_skip_tracking":false,"_monsterinsights_sitenote_active":false,"_monsterinsights_sitenote_note":"","_monsterinsights_sitenote_category":0,"footnotes":""},"class_list":["post-49","page","type-page","status-publish","hentry"],"yoast_head":"<!-- This site is optimized with the Yoast SEO plugin v27.4 - https:\/\/yoast.com\/product\/yoast-seo-wordpress\/ -->\n<title>- Metalia Lleida<\/title>\n<meta name=\"description\" content=\"Equip de professionals amb una \u00e0mplia experi\u00e8ncia en el camp del ferro, de l\u2019alumini i d\u2019acer inoxidable. Baranes, portes, reixats, reixes, estructures met\u00e0l\u00b7liques, portes de garatge, finestres i tancaments met\u00e0l\u00b7lics i d\u2019alumini, mosquiteres, % fusteria met\u00e0l\u00b7lica tant en alumini, ferro i acer inoxidable.\" \/>\n<meta name=\"robots\" content=\"index, follow, max-snippet:-1, max-image-preview:large, max-video-preview:-1\" \/>\n<link rel=\"canonical\" href=\"http:\/\/metalialleida.com\/index.php\/ca\/metalia-lleida-catalan\/\" \/>\n<meta property=\"og:locale\" content=\"es_ES\" \/>\n<meta property=\"og:type\" content=\"article\" \/>\n<meta property=\"og:title\" content=\"- Metalia Lleida\" \/>\n<meta property=\"og:description\" content=\"Equip de professionals amb una \u00e0mplia experi\u00e8ncia en el camp del ferro, de l\u2019alumini i d\u2019acer inoxidable. Baranes, portes, reixats, reixes, estructures met\u00e0l\u00b7liques, portes de garatge, finestres i tancaments met\u00e0l\u00b7lics i d\u2019alumini, mosquiteres, % fusteria met\u00e0l\u00b7lica tant en alumini, ferro i acer inoxidable.\" \/>\n<meta property=\"og:url\" content=\"http:\/\/metalialleida.com\/index.php\/ca\/metalia-lleida-catalan\/\" \/>\n<meta property=\"og:site_name\" content=\"Metalia Lleida\" \/>\n<meta property=\"article:modified_time\" content=\"2021-04-22T08:02:33+00:00\" \/>\n<meta property=\"og:image\" content=\"http:\/\/metalialleida.com\/wp-content\/uploads\/2020\/08\/taller2-1.png\" \/>\n<meta name=\"twitter:card\" content=\"summary_large_image\" \/>\n<meta name=\"twitter:label1\" content=\"Tiempo de lectura\" \/>\n\t<meta name=\"twitter:data1\" content=\"2 minutos\" \/>\n<script type=\"application\/ld+json\" class=\"yoast-schema-graph\">{\"@context\":\"https:\\\/\\\/schema.org\",\"@graph\":[{\"@type\":\"WebPage\",\"@id\":\"http:\\\/\\\/metalialleida.com\\\/index.php\\\/ca\\\/metalia-lleida-catalan\\\/\",\"url\":\"http:\\\/\\\/metalialleida.com\\\/index.php\\\/ca\\\/metalia-lleida-catalan\\\/\",\"name\":\"- Metalia Lleida\",\"isPartOf\":{\"@id\":\"http:\\\/\\\/metalialleida.com\\\/#website\"},\"primaryImageOfPage\":{\"@id\":\"http:\\\/\\\/metalialleida.com\\\/index.php\\\/ca\\\/metalia-lleida-catalan\\\/#primaryimage\"},\"image\":{\"@id\":\"http:\\\/\\\/metalialleida.com\\\/index.php\\\/ca\\\/metalia-lleida-catalan\\\/#primaryimage\"},\"thumbnailUrl\":\"http:\\\/\\\/metalialleida.com\\\/wp-content\\\/uploads\\\/2020\\\/08\\\/taller2-1.png\",\"datePublished\":\"2020-08-17T15:09:02+00:00\",\"dateModified\":\"2021-04-22T08:02:33+00:00\",\"description\":\"Equip de professionals amb una \u00e0mplia experi\u00e8ncia en el camp del ferro, de l\u2019alumini i d\u2019acer inoxidable. Baranes, portes, reixats, reixes, estructures met\u00e0l\u00b7liques, portes de garatge, finestres i tancaments met\u00e0l\u00b7lics i d\u2019alumini, mosquiteres, % fusteria met\u00e0l\u00b7lica tant en alumini, ferro i acer inoxidable.\",\"inLanguage\":\"es\",\"potentialAction\":[{\"@type\":\"ReadAction\",\"target\":[\"http:\\\/\\\/metalialleida.com\\\/index.php\\\/ca\\\/metalia-lleida-catalan\\\/\"]}]},{\"@type\":\"ImageObject\",\"inLanguage\":\"es\",\"@id\":\"http:\\\/\\\/metalialleida.com\\\/index.php\\\/ca\\\/metalia-lleida-catalan\\\/#primaryimage\",\"url\":\"http:\\\/\\\/metalialleida.com\\\/wp-content\\\/uploads\\\/2020\\\/08\\\/taller2-1.png\",\"contentUrl\":\"http:\\\/\\\/metalialleida.com\\\/wp-content\\\/uploads\\\/2020\\\/08\\\/taller2-1.png\",\"width\":305,\"height\":240},{\"@type\":\"WebSite\",\"@id\":\"http:\\\/\\\/metalialleida.com\\\/#website\",\"url\":\"http:\\\/\\\/metalialleida.com\\\/\",\"name\":\"Metalia Lleida\",\"description\":\"Treballs en metall\",\"publisher\":{\"@id\":\"http:\\\/\\\/metalialleida.com\\\/#organization\"},\"potentialAction\":[{\"@type\":\"SearchAction\",\"target\":{\"@type\":\"EntryPoint\",\"urlTemplate\":\"http:\\\/\\\/metalialleida.com\\\/?s={search_term_string}\"},\"query-input\":{\"@type\":\"PropertyValueSpecification\",\"valueRequired\":true,\"valueName\":\"search_term_string\"}}],\"inLanguage\":\"es\"},{\"@type\":\"Organization\",\"@id\":\"http:\\\/\\\/metalialleida.com\\\/#organization\",\"name\":\"Metalia Lleida, S.L.\",\"url\":\"http:\\\/\\\/metalialleida.com\\\/\",\"logo\":{\"@type\":\"ImageObject\",\"inLanguage\":\"es\",\"@id\":\"http:\\\/\\\/metalialleida.com\\\/#\\\/schema\\\/logo\\\/image\\\/\",\"url\":\"http:\\\/\\\/metalialleida.com\\\/wp-content\\\/uploads\\\/2021\\\/04\\\/logo2.png\",\"contentUrl\":\"http:\\\/\\\/metalialleida.com\\\/wp-content\\\/uploads\\\/2021\\\/04\\\/logo2.png\",\"width\":1000,\"height\":285,\"caption\":\"Metalia Lleida, S.L.\"},\"image\":{\"@id\":\"http:\\\/\\\/metalialleida.com\\\/#\\\/schema\\\/logo\\\/image\\\/\"}}]}<\/script>\n<!-- \/ Yoast SEO plugin. -->","yoast_head_json":{"title":"- Metalia Lleida","description":"Equip de professionals amb una \u00e0mplia experi\u00e8ncia en el camp del ferro, de l\u2019alumini i d\u2019acer inoxidable. Baranes, portes, reixats, reixes, estructures met\u00e0l\u00b7liques, portes de garatge, finestres i tancaments met\u00e0l\u00b7lics i d\u2019alumini, mosquiteres, % fusteria met\u00e0l\u00b7lica tant en alumini, ferro i acer inoxidable.","robots":{"index":"index","follow":"follow","max-snippet":"max-snippet:-1","max-image-preview":"max-image-preview:large","max-video-preview":"max-video-preview:-1"},"canonical":"http:\/\/metalialleida.com\/index.php\/ca\/metalia-lleida-catalan\/","og_locale":"es_ES","og_type":"article","og_title":"- Metalia Lleida","og_description":"Equip de professionals amb una \u00e0mplia experi\u00e8ncia en el camp del ferro, de l\u2019alumini i d\u2019acer inoxidable. Baranes, portes, reixats, reixes, estructures met\u00e0l\u00b7liques, portes de garatge, finestres i tancaments met\u00e0l\u00b7lics i d\u2019alumini, mosquiteres, % fusteria met\u00e0l\u00b7lica tant en alumini, ferro i acer inoxidable.","og_url":"http:\/\/metalialleida.com\/index.php\/ca\/metalia-lleida-catalan\/","og_site_name":"Metalia Lleida","article_modified_time":"2021-04-22T08:02:33+00:00","og_image":[{"url":"http:\/\/metalialleida.com\/wp-content\/uploads\/2020\/08\/taller2-1.png","type":"","width":"","height":""}],"twitter_card":"summary_large_image","twitter_misc":{"Tiempo de lectura":"2 minutos"},"schema":{"@context":"https:\/\/schema.org","@graph":[{"@type":"WebPage","@id":"http:\/\/metalialleida.com\/index.php\/ca\/metalia-lleida-catalan\/","url":"http:\/\/metalialleida.com\/index.php\/ca\/metalia-lleida-catalan\/","name":"- Metalia Lleida","isPartOf":{"@id":"http:\/\/metalialleida.com\/#website"},"primaryImageOfPage":{"@id":"http:\/\/metalialleida.com\/index.php\/ca\/metalia-lleida-catalan\/#primaryimage"},"image":{"@id":"http:\/\/metalialleida.com\/index.php\/ca\/metalia-lleida-catalan\/#primaryimage"},"thumbnailUrl":"http:\/\/metalialleida.com\/wp-content\/uploads\/2020\/08\/taller2-1.png","datePublished":"2020-08-17T15:09:02+00:00","dateModified":"2021-04-22T08:02:33+00:00","description":"Equip de professionals amb una \u00e0mplia experi\u00e8ncia en el camp del ferro, de l\u2019alumini i d\u2019acer inoxidable. Baranes, portes, reixats, reixes, estructures met\u00e0l\u00b7liques, portes de garatge, finestres i tancaments met\u00e0l\u00b7lics i d\u2019alumini, mosquiteres, % fusteria met\u00e0l\u00b7lica tant en alumini, ferro i acer inoxidable.","inLanguage":"es","potentialAction":[{"@type":"ReadAction","target":["http:\/\/metalialleida.com\/index.php\/ca\/metalia-lleida-catalan\/"]}]},{"@type":"ImageObject","inLanguage":"es","@id":"http:\/\/metalialleida.com\/index.php\/ca\/metalia-lleida-catalan\/#primaryimage","url":"http:\/\/metalialleida.com\/wp-content\/uploads\/2020\/08\/taller2-1.png","contentUrl":"http:\/\/metalialleida.com\/wp-content\/uploads\/2020\/08\/taller2-1.png","width":305,"height":240},{"@type":"WebSite","@id":"http:\/\/metalialleida.com\/#website","url":"http:\/\/metalialleida.com\/","name":"Metalia Lleida","description":"Treballs en metall","publisher":{"@id":"http:\/\/metalialleida.com\/#organization"},"potentialAction":[{"@type":"SearchAction","target":{"@type":"EntryPoint","urlTemplate":"http:\/\/metalialleida.com\/?s={search_term_string}"},"query-input":{"@type":"PropertyValueSpecification","valueRequired":true,"valueName":"search_term_string"}}],"inLanguage":"es"},{"@type":"Organization","@id":"http:\/\/metalialleida.com\/#organization","name":"Metalia Lleida, S.L.","url":"http:\/\/metalialleida.com\/","logo":{"@type":"ImageObject","inLanguage":"es","@id":"http:\/\/metalialleida.com\/#\/schema\/logo\/image\/","url":"http:\/\/metalialleida.com\/wp-content\/uploads\/2021\/04\/logo2.png","contentUrl":"http:\/\/metalialleida.com\/wp-content\/uploads\/2021\/04\/logo2.png","width":1000,"height":285,"caption":"Metalia Lleida, S.L."},"image":{"@id":"http:\/\/metalialleida.com\/#\/schema\/logo\/image\/"}}]}},"_links":{"self":[{"href":"http:\/\/metalialleida.com\/index.php\/wp-json\/wp\/v2\/pages\/49","targetHints":{"allow":["GET"]}}],"collection":[{"href":"http:\/\/metalialleida.com\/index.php\/wp-json\/wp\/v2\/pages"}],"about":[{"href":"http:\/\/metalialleida.com\/index.php\/wp-json\/wp\/v2\/types\/page"}],"author":[{"embeddable":true,"href":"http:\/\/metalialleida.com\/index.php\/wp-json\/wp\/v2\/users\/1"}],"replies":[{"embeddable":true,"href":"http:\/\/metalialleida.com\/index.php\/wp-json\/wp\/v2\/comments?post=49"}],"version-history":[{"count":13,"href":"http:\/\/metalialleida.com\/index.php\/wp-json\/wp\/v2\/pages\/49\/revisions"}],"predecessor-version":[{"id":209,"href":"http:\/\/metalialleida.com\/index.php\/wp-json\/wp\/v2\/pages\/49\/revisions\/209"}],"wp:attachment":[{"href":"http:\/\/metalialleida.com\/index.php\/wp-json\/wp\/v2\/media?parent=49"}],"curies":[{"name":"wp","href":"https:\/\/api.w.org\/{rel}","templated":true}]}}